{"id":783,"date":"2023-04-05T17:37:36","date_gmt":"2023-04-05T20:37:36","guid":{"rendered":"https:\/\/jmimagem.com.br\/?page_id=783"},"modified":"2023-08-22T17:21:28","modified_gmt":"2023-08-22T20:21:28","slug":"diagnosticos-por-imagem","status":"publish","type":"page","link":"https:\/\/jmimagem.com.br\/index.php\/diagnosticos-por-imagem\/","title":{"rendered":"Diagn\u00f3sticos por imagem"},"content":{"rendered":"\t\t<div data-elementor-type=\"wp-page\" data-elementor-id=\"783\" class=\"elementor elementor-783\" data-elementor-post-type=\"page\">\n\t\t\t\t\t\t<section class=\"elementor-section elementor-top-section elementor-element elementor-element-2ec7996 elementor-section-height-min-height elementor-section-boxed elementor-section-height-default elementor-section-items-middle tf-sticky-section tf-sticky-no\" data-id=\"2ec7996\" data-element_type=\"section\" data-settings=\"{&quot;background_background&quot;:&quot;classic&quot;,&quot;tf_sticky&quot;:&quot;no&quot;}\">\n\t\t\t\t\t\t\t<div class=\"elementor-background-overlay\"><\/div>\n\t\t\t\t\t\t\t<div class=\"elementor-container elementor-column-gap-no\">\n\t\t\t\t\t<div class=\"elementor-column elementor-col-100 elementor-top-column elementor-element elementor-element-54e1880\" data-id=\"54e1880\" data-element_type=\"column\">\n\t\t\t<div class=\"elementor-widget-wrap elementor-element-populated\">\n\t\t\t\t\t\t\t<\/div>\n\t\t<\/div>\n\t\t\t\t\t<\/div>\n\t\t<\/section>\n\t\t\t\t<section class=\"elementor-section elementor-top-section elementor-element elementor-element-383fe9e elementor-section-boxed elementor-section-height-default elementor-section-height-default tf-sticky-section tf-sticky-no\" data-id=\"383fe9e\" data-element_type=\"section\" data-settings=\"{&quot;tf_sticky&quot;:&quot;no&quot;}\">\n\t\t\t\t\t\t<div class=\"elementor-container elementor-column-gap-default\">\n\t\t\t\t\t<div class=\"elementor-column elementor-col-50 elementor-top-column elementor-element elementor-element-2236ba6\" data-id=\"2236ba6\" data-element_type=\"column\">\n\t\t\t<div class=\"elementor-widget-wrap elementor-element-populated\">\n\t\t\t\t\t\t<div class=\"elementor-element elementor-element-c5dce71 elementor-invisible elementor-widget elementor-widget-heading\" data-id=\"c5dce71\" data-element_type=\"widget\" data-settings=\"{&quot;_animation&quot;:&quot;fadeInUp&quot;}\" data-widget_type=\"heading.default\">\n\t\t\t\t<div class=\"elementor-widget-container\">\n\t\t\t<style>\/*! elementor - v3.19.0 - 07-02-2024 *\/\n.elementor-heading-title{padding:0;margin:0;line-height:1}.elementor-widget-heading .elementor-heading-title[class*=elementor-size-]>a{color:inherit;font-size:inherit;line-height:inherit}.elementor-widget-heading .elementor-heading-title.elementor-size-small{font-size:15px}.elementor-widget-heading .elementor-heading-title.elementor-size-medium{font-size:19px}.elementor-widget-heading .elementor-heading-title.elementor-size-large{font-size:29px}.elementor-widget-heading .elementor-heading-title.elementor-size-xl{font-size:39px}.elementor-widget-heading .elementor-heading-title.elementor-size-xxl{font-size:59px}<\/style><h2 class=\"elementor-heading-title elementor-size-default\">Implante CDI \nem seu hospital!<\/h2>\t\t<\/div>\n\t\t\t\t<\/div>\n\t\t\t\t<div class=\"elementor-element elementor-element-a793316 elementor-widget elementor-widget-text-editor\" data-id=\"a793316\" data-element_type=\"widget\" data-widget_type=\"text-editor.default\">\n\t\t\t\t<div class=\"elementor-widget-container\">\n\t\t\t<style>\/*! elementor - v3.19.0 - 07-02-2024 *\/\n.elementor-widget-text-editor.elementor-drop-cap-view-stacked .elementor-drop-cap{background-color:#69727d;color:#fff}.elementor-widget-text-editor.elementor-drop-cap-view-framed .elementor-drop-cap{color:#69727d;border:3px solid;background-color:transparent}.elementor-widget-text-editor:not(.elementor-drop-cap-view-default) .elementor-drop-cap{margin-top:8px}.elementor-widget-text-editor:not(.elementor-drop-cap-view-default) .elementor-drop-cap-letter{width:1em;height:1em}.elementor-widget-text-editor .elementor-drop-cap{float:left;text-align:center;line-height:1;font-size:50px}.elementor-widget-text-editor .elementor-drop-cap-letter{display:inline-block}<\/style>\t\t\t\t<p>Descubra a excel\u00eancia em diagn\u00f3sticos por Imagem<\/p>\t\t\t\t\t\t<\/div>\n\t\t\t\t<\/div>\n\t\t\t\t<div class=\"elementor-element elementor-element-57f1cd5 elementor-invisible elementor-widget elementor-widget-heading\" data-id=\"57f1cd5\" data-element_type=\"widget\" data-settings=\"{&quot;_animation&quot;:&quot;fadeInUp&quot;,&quot;_animation_delay&quot;:80}\" data-widget_type=\"heading.default\">\n\t\t\t\t<div class=\"elementor-widget-container\">\n\t\t\t<p class=\"elementor-heading-title elementor-size-default\">A JM Imagem disponibiliza recursos avan\u00e7ados em diagn\u00f3stico por imagem e suporte integral, desde a instala\u00e7\u00e3o dos equipamentos at\u00e9 o treinamento dos profissionais que ir\u00e3o oper\u00e1-los. O Centro de Diagn\u00f3sticos por Imagem projetado pela JM Imagem \u00e9 uma solu\u00e7\u00e3o completa e confi\u00e1vel para o setor de sa\u00fade que permite melhorar o acesso a exames de imagem e agilizar todo o processo diagn\u00f3stico, do agendamento \u00e0 emiss\u00e3o de laudos<\/p>\t\t<\/div>\n\t\t\t\t<\/div>\n\t\t\t\t\t<\/div>\n\t\t<\/div>\n\t\t\t\t<div class=\"elementor-column elementor-col-50 elementor-top-column elementor-element elementor-element-1bb0acb\" data-id=\"1bb0acb\" data-element_type=\"column\">\n\t\t\t<div class=\"elementor-widget-wrap elementor-element-populated\">\n\t\t\t\t\t\t<div class=\"elementor-element elementor-element-5a96672 elementor-widget elementor-widget-image\" data-id=\"5a96672\" data-element_type=\"widget\" data-widget_type=\"image.default\">\n\t\t\t\t<div class=\"elementor-widget-container\">\n\t\t\t<style>\/*! elementor - v3.19.0 - 07-02-2024 *\/\n.elementor-widget-image{text-align:center}.elementor-widget-image a{display:inline-block}.elementor-widget-image a img[src$=\".svg\"]{width:48px}.elementor-widget-image img{vertical-align:middle;display:inline-block}<\/style>\t\t\t\t\t\t\t\t\t\t<img fetchpriority=\"high\" decoding=\"async\" width=\"800\" height=\"450\" src=\"https:\/\/jmimagem.com.br\/wp-content\/uploads\/2023\/08\/N5-1280x720.png\" class=\"attachment-large size-large wp-image-1174\" alt=\"\" srcset=\"https:\/\/jmimagem.com.br\/wp-content\/uploads\/2023\/08\/N5-1280x720.png 1280w, https:\/\/jmimagem.com.br\/wp-content\/uploads\/2023\/08\/N5-640x360.png 640w, https:\/\/jmimagem.com.br\/wp-content\/uploads\/2023\/08\/N5-768x432.png 768w, https:\/\/jmimagem.com.br\/wp-content\/uploads\/2023\/08\/N5-1536x864.png 1536w, https:\/\/jmimagem.com.br\/wp-content\/uploads\/2023\/08\/N5.png 1920w\" sizes=\"(max-width: 800px) 100vw, 800px\" \/>\t\t\t\t\t\t\t\t\t\t\t\t\t<\/div>\n\t\t\t\t<\/div>\n\t\t\t\t\t<\/div>\n\t\t<\/div>\n\t\t\t\t\t<\/div>\n\t\t<\/section>\n\t\t\t\t<section class=\"elementor-section elementor-top-section elementor-element elementor-element-b9ac362 elementor-section-boxed elementor-section-height-default elementor-section-height-default tf-sticky-section tf-sticky-no\" data-id=\"b9ac362\" data-element_type=\"section\" data-settings=\"{&quot;tf_sticky&quot;:&quot;no&quot;}\">\n\t\t\t\t\t\t<div class=\"elementor-container elementor-column-gap-default\">\n\t\t\t\t\t<div class=\"elementor-column elementor-col-100 elementor-top-column elementor-element elementor-element-0219943\" data-id=\"0219943\" data-element_type=\"column\">\n\t\t\t<div class=\"elementor-widget-wrap elementor-element-populated\">\n\t\t\t\t\t\t<div class=\"elementor-element elementor-element-605a9f1 elementor-invisible elementor-widget elementor-widget-heading\" data-id=\"605a9f1\" data-element_type=\"widget\" data-settings=\"{&quot;_animation&quot;:&quot;fadeInDown&quot;}\" data-widget_type=\"heading.default\">\n\t\t\t\t<div class=\"elementor-widget-container\">\n\t\t\t<h2 class=\"elementor-heading-title elementor-size-default\">Utilizamos tecnologias avan\u00e7adas para criar simula\u00e7\u00f5es interativas que <br>permitem uma visualiza\u00e7\u00e3o realista de cada detalhe do seu futuro CDI<\/h2>\t\t<\/div>\n\t\t\t\t<\/div>\n\t\t\t\t\t<\/div>\n\t\t<\/div>\n\t\t\t\t\t<\/div>\n\t\t<\/section>\n\t\t\t\t<section class=\"elementor-section elementor-top-section elementor-element elementor-element-2932bb0 elementor-section-boxed elementor-section-height-default elementor-section-height-default tf-sticky-section tf-sticky-no\" data-id=\"2932bb0\" data-element_type=\"section\" data-settings=\"{&quot;tf_sticky&quot;:&quot;no&quot;}\">\n\t\t\t\t\t\t<div class=\"elementor-container elementor-column-gap-default\">\n\t\t\t\t\t<div class=\"elementor-column elementor-col-33 elementor-top-column elementor-element elementor-element-45b4ed4\" data-id=\"45b4ed4\" data-element_type=\"column\">\n\t\t\t<div class=\"elementor-widget-wrap elementor-element-populated\">\n\t\t\t\t\t\t<div class=\"elementor-element elementor-element-0695aa1 elementor-widget elementor-widget-image\" data-id=\"0695aa1\" data-element_type=\"widget\" data-widget_type=\"image.default\">\n\t\t\t\t<div class=\"elementor-widget-container\">\n\t\t\t\t\t\t\t\t\t\t\t\t\t<img decoding=\"async\" width=\"1920\" height=\"1080\" src=\"https:\/\/jmimagem.com.br\/wp-content\/uploads\/2023\/08\/3.png\" class=\"attachment-full size-full wp-image-1175\" alt=\"\" srcset=\"https:\/\/jmimagem.com.br\/wp-content\/uploads\/2023\/08\/3.png 1920w, https:\/\/jmimagem.com.br\/wp-content\/uploads\/2023\/08\/3-640x360.png 640w, https:\/\/jmimagem.com.br\/wp-content\/uploads\/2023\/08\/3-1280x720.png 1280w, https:\/\/jmimagem.com.br\/wp-content\/uploads\/2023\/08\/3-768x432.png 768w, https:\/\/jmimagem.com.br\/wp-content\/uploads\/2023\/08\/3-1536x864.png 1536w\" sizes=\"(max-width: 1920px) 100vw, 1920px\" \/>\t\t\t\t\t\t\t\t\t\t\t\t\t<\/div>\n\t\t\t\t<\/div>\n\t\t\t\t<div class=\"elementor-element elementor-element-bfe8e8e elementor-invisible elementor-widget elementor-widget-heading\" data-id=\"bfe8e8e\" data-element_type=\"widget\" data-settings=\"{&quot;_animation&quot;:&quot;fadeInUp&quot;}\" data-widget_type=\"heading.default\">\n\t\t\t\t<div class=\"elementor-widget-container\">\n\t\t\t<h2 class=\"elementor-heading-title elementor-size-small\"> Raio-X<\/h2>\t\t<\/div>\n\t\t\t\t<\/div>\n\t\t\t\t\t<\/div>\n\t\t<\/div>\n\t\t\t\t<div class=\"elementor-column elementor-col-33 elementor-top-column elementor-element elementor-element-62cee0a\" data-id=\"62cee0a\" data-element_type=\"column\">\n\t\t\t<div class=\"elementor-widget-wrap elementor-element-populated\">\n\t\t\t\t\t\t<div class=\"elementor-element elementor-element-f19da2e elementor-widget elementor-widget-image\" data-id=\"f19da2e\" data-element_type=\"widget\" data-widget_type=\"image.default\">\n\t\t\t\t<div class=\"elementor-widget-container\">\n\t\t\t\t\t\t\t\t\t\t\t\t\t<img decoding=\"async\" width=\"800\" height=\"450\" src=\"https:\/\/jmimagem.com.br\/wp-content\/uploads\/2023\/08\/Render-25-1280x720.png\" class=\"attachment-large size-large wp-image-1176\" alt=\"\" srcset=\"https:\/\/jmimagem.com.br\/wp-content\/uploads\/2023\/08\/Render-25-1280x720.png 1280w, https:\/\/jmimagem.com.br\/wp-content\/uploads\/2023\/08\/Render-25-640x360.png 640w, https:\/\/jmimagem.com.br\/wp-content\/uploads\/2023\/08\/Render-25-768x432.png 768w, https:\/\/jmimagem.com.br\/wp-content\/uploads\/2023\/08\/Render-25-1536x864.png 1536w, https:\/\/jmimagem.com.br\/wp-content\/uploads\/2023\/08\/Render-25.png 1920w\" sizes=\"(max-width: 800px) 100vw, 800px\" \/>\t\t\t\t\t\t\t\t\t\t\t\t\t<\/div>\n\t\t\t\t<\/div>\n\t\t\t\t<div class=\"elementor-element elementor-element-76290c2 elementor-invisible elementor-widget elementor-widget-heading\" data-id=\"76290c2\" data-element_type=\"widget\" data-settings=\"{&quot;_animation&quot;:&quot;fadeInUp&quot;}\" data-widget_type=\"heading.default\">\n\t\t\t\t<div class=\"elementor-widget-container\">\n\t\t\t<h2 class=\"elementor-heading-title elementor-size-default\">Tomografia<\/h2>\t\t<\/div>\n\t\t\t\t<\/div>\n\t\t\t\t\t<\/div>\n\t\t<\/div>\n\t\t\t\t<div class=\"elementor-column elementor-col-33 elementor-top-column elementor-element elementor-element-4e62c80\" data-id=\"4e62c80\" data-element_type=\"column\">\n\t\t\t<div class=\"elementor-widget-wrap elementor-element-populated\">\n\t\t\t\t\t\t<div class=\"elementor-element elementor-element-b34f125 elementor-widget elementor-widget-image\" data-id=\"b34f125\" data-element_type=\"widget\" data-widget_type=\"image.default\">\n\t\t\t\t<div class=\"elementor-widget-container\">\n\t\t\t\t\t\t\t\t\t\t\t\t\t<img loading=\"lazy\" decoding=\"async\" width=\"800\" height=\"450\" src=\"https:\/\/jmimagem.com.br\/wp-content\/uploads\/2023\/08\/19-1280x720.png\" class=\"attachment-large size-large wp-image-1178\" alt=\"\" srcset=\"https:\/\/jmimagem.com.br\/wp-content\/uploads\/2023\/08\/19-1280x720.png 1280w, https:\/\/jmimagem.com.br\/wp-content\/uploads\/2023\/08\/19-640x360.png 640w, https:\/\/jmimagem.com.br\/wp-content\/uploads\/2023\/08\/19-768x432.png 768w, https:\/\/jmimagem.com.br\/wp-content\/uploads\/2023\/08\/19-1536x864.png 1536w, https:\/\/jmimagem.com.br\/wp-content\/uploads\/2023\/08\/19.png 1920w\" sizes=\"(max-width: 800px) 100vw, 800px\" \/>\t\t\t\t\t\t\t\t\t\t\t\t\t<\/div>\n\t\t\t\t<\/div>\n\t\t\t\t<div class=\"elementor-element elementor-element-8864329 elementor-invisible elementor-widget elementor-widget-heading\" data-id=\"8864329\" data-element_type=\"widget\" data-settings=\"{&quot;_animation&quot;:&quot;fadeInUp&quot;}\" data-widget_type=\"heading.default\">\n\t\t\t\t<div class=\"elementor-widget-container\">\n\t\t\t<h2 class=\"elementor-heading-title elementor-size-default\">Recep\u00e7\u00e3o <\/h2>\t\t<\/div>\n\t\t\t\t<\/div>\n\t\t\t\t\t<\/div>\n\t\t<\/div>\n\t\t\t\t\t<\/div>\n\t\t<\/section>\n\t\t\t\t<\/div>\n\t\t","protected":false},"excerpt":{"rendered":"<p>Implante CDI em seu hospital! Descubra a excel\u00eancia em diagn\u00f3sticos por Imagem A JM Imagem disponibiliza recursos avan\u00e7ados em diagn\u00f3stico por imagem e suporte integral, desde a instala\u00e7\u00e3o dos equipamentos at\u00e9 o treinamento dos profissionais que ir\u00e3o oper\u00e1-los. O Centro de Diagn\u00f3sticos por Imagem projetado pela JM Imagem \u00e9 uma solu\u00e7\u00e3o completa e confi\u00e1vel para [&hellip;]<\/p>\n","protected":false},"author":1,"featured_media":0,"parent":0,"menu_order":0,"comment_status":"closed","ping_status":"closed","template":"","meta":{"_eb_attr":"","om_disable_all_campaigns":false,"_monsterinsights_skip_tracking":false,"_monsterinsights_sitenote_active":false,"_monsterinsights_sitenote_note":"","_monsterinsights_sitenote_category":0,"footnotes":""},"class_list":["post-783","page","type-page","status-publish","hentry"],"acf":[],"aioseo_notices":[],"_links":{"self":[{"href":"https:\/\/jmimagem.com.br\/index.php\/wp-json\/wp\/v2\/pages\/783","targetHints":{"allow":["GET"]}}],"collection":[{"href":"https:\/\/jmimagem.com.br\/index.php\/wp-json\/wp\/v2\/pages"}],"about":[{"href":"https:\/\/jmimagem.com.br\/index.php\/wp-json\/wp\/v2\/types\/page"}],"author":[{"embeddable":true,"href":"https:\/\/jmimagem.com.br\/index.php\/wp-json\/wp\/v2\/users\/1"}],"replies":[{"embeddable":true,"href":"https:\/\/jmimagem.com.br\/index.php\/wp-json\/wp\/v2\/comments?post=783"}],"version-history":[{"count":22,"href":"https:\/\/jmimagem.com.br\/index.php\/wp-json\/wp\/v2\/pages\/783\/revisions"}],"predecessor-version":[{"id":1181,"href":"https:\/\/jmimagem.com.br\/index.php\/wp-json\/wp\/v2\/pages\/783\/revisions\/1181"}],"wp:attachment":[{"href":"https:\/\/jmimagem.com.br\/index.php\/wp-json\/wp\/v2\/media?parent=783"}],"curies":[{"name":"wp","href":"https:\/\/api.w.org\/{rel}","templated":true}]}}